
{"id":17645,"date":"2021-09-02T16:50:39","date_gmt":"2021-09-02T16:50:39","guid":{"rendered":"http:\/\/dummy.xtemos.com\/woodmart2\/elementor\/?page_id=1595"},"modified":"2026-01-05T15:53:10","modified_gmt":"2026-01-05T14:53:10","slug":"home-lookbook","status":"publish","type":"page","link":"https:\/\/cartecadeau-cocktail-scandinave.fr\/en\/","title":{"rendered":"Carte cadeau"},"content":{"rendered":"<div data-elementor-type=\"wp-page\" data-elementor-id=\"17645\" class=\"elementor elementor-17645\">\n\t\t\t\t\t\t<section class=\"wd-negative-gap elementor-section elementor-top-section elementor-element elementor-element-c21aeed wd-section-stretch-content elementor-section-boxed elementor-section-height-default elementor-section-height-default\" data-id=\"c21aeed\" data-element_type=\"section\" data-e-type=\"section\">\n\t\t\t\t\t\t<div class=\"elementor-container elementor-column-gap-default\">\n\t\t\t\t\t<div class=\"elementor-column elementor-col-50 elementor-top-column elementor-element elementor-element-052b1de\" data-id=\"052b1de\" data-element_type=\"column\" data-e-type=\"column\" data-settings=\"{&quot;background_background&quot;:&quot;classic&quot;}\">\n\t\t\t<div class=\"elementor-widget-wrap elementor-element-populated\">\n\t\t\t\t\t\t<div class=\"elementor-element elementor-element-f55ace6 elementor-widget elementor-widget-spacer\" data-id=\"f55ace6\" data-element_type=\"widget\" data-e-type=\"widget\" data-widget_type=\"spacer.default\">\n\t\t\t\t<div class=\"elementor-widget-container\">\n\t\t\t\t\t\t\t<div class=\"elementor-spacer\">\n\t\t\t<div class=\"elementor-spacer-inner\"><\/div>\n\t\t<\/div>\n\t\t\t\t\t\t<\/div>\n\t\t\t\t<\/div>\n\t\t\t\t\t<\/div>\n\t\t<\/div>\n\t\t\t\t<div class=\"elementor-column elementor-col-50 elementor-top-column elementor-element elementor-element-2fec67b\" data-id=\"2fec67b\" data-element_type=\"column\" data-e-type=\"column\">\n\t\t\t<div class=\"elementor-widget-wrap elementor-element-populated\">\n\t\t\t\t\t\t<div class=\"elementor-element elementor-element-f079385 elementor-hidden-tablet elementor-hidden-mobile elementor-widget elementor-widget-wd_text_block\" data-id=\"f079385\" data-element_type=\"widget\" data-e-type=\"widget\" data-widget_type=\"wd_text_block.default\">\n\t\t\t\t<div class=\"elementor-widget-container\">\n\t\t\t\t\t\t\t<div class=\"wd-text-block reset-last-child text-center\">\n\t\t\t\n\t\t\t<p>FAIRE PLAISIR A COUP S\u00dbR !<\/p>\n\t\t\t\t\t<\/div>\n\t\t\t\t\t\t<\/div>\n\t\t\t\t<\/div>\n\t\t\t\t<div class=\"elementor-element elementor-element-a4ec20f wd-width-100 elementor-widget elementor-widget-wd_title\" data-id=\"a4ec20f\" data-element_type=\"widget\" data-e-type=\"widget\" data-widget_type=\"wd_title.default\">\n\t\t\t\t<div class=\"elementor-widget-container\">\n\t\t\t\t\t\t\t<div class=\"title-wrapper wd-set-mb reset-last-child wd-title-color-default wd-title-style-default wd-title-size-large text-center\">\n\n\t\t\t\n\t\t\t<div class=\"liner-continer\">\n\t\t\t\t<h4 class=\"woodmart-title-container title wd-fontsize-xxl\">OFFRIR UNE CARTE CADEAU<\/h4> \n\t\t\t\t\t\t\t<\/div>\n\n\t\t\t\t\t\t\t<div class=\"title-after_title reset-last-child wd-fontsize-s\">\n\t\t\t\t\t<p><b>Vous souhaitez g\u00e2ter vos proches et leur offrir le cadeau id\u00e9al ?<br \/>Offrez-leur une carte cadeau Cocktail Scandinave !<\/b><\/p><p>Cette belle attention leur permettra de choisir eux-m\u00eames l'objet de d\u00e9coration<br \/>ou le meuble qui les fera vibrer, tout en passant un moment agr\u00e9able \u00e0 fl\u00e2ner dans nos magasins !<\/p><p>Vous pouvez la cr\u00e9diter du montant de votre choix jusqu'\u00e0 1000\u20ac.<br \/>Faire plaisir \u00e0 coup s\u00fbr n'aura jamais \u00e9t\u00e9 aussi facile !<\/p>\t\t\t\t<\/div>\n\t\t\t\t\t<\/div>\n\t\t\t\t\t\t<\/div>\n\t\t\t\t<\/div>\n\t\t\t\t<div class=\"elementor-element elementor-element-c1d9204 elementor-hidden-desktop elementor-hidden-tablet elementor-hidden-mobile wd-width-100 elementor-widget elementor-widget-wd_title\" data-id=\"c1d9204\" data-element_type=\"widget\" data-e-type=\"widget\" data-widget_type=\"wd_title.default\">\n\t\t\t\t<div class=\"elementor-widget-container\">\n\t\t\t\t\t\t\t<div class=\"title-wrapper wd-set-mb reset-last-child wd-title-color-default wd-title-style-default wd-title-size-small text-center\">\n\n\t\t\t\n\t\t\t<div class=\"liner-continer\">\n\t\t\t\t<h4 class=\"woodmart-title-container title wd-fontsize-m\"><\/h4> \n\t\t\t\t\t\t\t<\/div>\n\n\t\t\t\t\t\t\t<div class=\"title-after_title reset-last-child wd-fontsize-xs\">\n\t\t\t\t\t<p><strong>Nous tenons \u00e0 vous informer que suite \u00e0 une non r\u00e9ception des cartes cadeaux virtuelles sur certaines messageries<\/strong>, nous vous conseillons pendant cette p\u00e9riode de f\u00eates, de vous d\u00e9placer en magasin pour l\u2019achat de vos cartes cadeaux ainsi vous b\u00e9n\u00e9ficierez d'une d\u00e9livrance imm\u00e9diate. <br \/>Nos \u00e9quipes en magasin sont pr\u00eates \u00e0 vous accueillir et \u00e0 vous offrir une assistance personnalis\u00e9e pour choisir les cartes cadeaux les mieux adapt\u00e9es \u00e0 vos besoins.<\/p><p>Toute l\u2019\u00e9quipe<br \/>de Cocktail Scandinave<br \/>vous souhaite de belles f\u00eates de fin d\u2019ann\u00e9e.\u00a0<\/p>\t\t\t\t<\/div>\n\t\t\t\t\t<\/div>\n\t\t\t\t\t\t<\/div>\n\t\t\t\t<\/div>\n\t\t\t\t<div class=\"elementor-element elementor-element-786c659 elementor-widget elementor-widget-wd_button\" data-id=\"786c659\" data-element_type=\"widget\" data-e-type=\"widget\" data-widget_type=\"wd_button.default\">\n\t\t\t\t<div class=\"elementor-widget-container\">\n\t\t\t\t\t\t\t<div class=\"wd-button-wrapper text-center\" >\n\t\t\t<a class=\"btn btn-style-default btn-shape-semi-round btn-size-extra-large btn-color-primary btn-icon-pos-right\"  href=\"https:\/\/cartecadeau-cocktail-scandinave.fr\/en\/carte-cadeau-virtuelle\/\">\n\t\t\t\t<span class=\"wd-btn-text\" data-elementor-setting-key=\"text\">\n\t\t\t\t\tJ&#039;OFFRE UNE CARTE CADEAU\t\t\t\t<\/span>\n\n\t\t\t\t\t\t\t<\/a>\n\t\t<\/div>\n\t\t\t\t\t\t<\/div>\n\t\t\t\t<\/div>\n\t\t\t\t\t<\/div>\n\t\t<\/div>\n\t\t\t\t\t<\/div>\n\t\t<\/section>\n\t\t\t\t<\/div>","protected":false},"excerpt":{"rendered":"<p>FAIRE PLAISIR A COUP S\u00dbR ! OFFRIR UNE CARTE CADEAU Vous souhaitez g\u00e2ter vos proches et leur offrir le cadeau<\/p>","protected":false},"author":1,"featured_media":0,"parent":0,"menu_order":0,"comment_status":"closed","ping_status":"closed","template":"","meta":{"footnotes":""},"class_list":["post-17645","page","type-page","status-publish","hentry"],"_links":{"self":[{"href":"https:\/\/cartecadeau-cocktail-scandinave.fr\/en\/wp-json\/wp\/v2\/pages\/17645","targetHints":{"allow":["GET"]}}],"collection":[{"href":"https:\/\/cartecadeau-cocktail-scandinave.fr\/en\/wp-json\/wp\/v2\/pages"}],"about":[{"href":"https:\/\/cartecadeau-cocktail-scandinave.fr\/en\/wp-json\/wp\/v2\/types\/page"}],"author":[{"embeddable":true,"href":"https:\/\/cartecadeau-cocktail-scandinave.fr\/en\/wp-json\/wp\/v2\/users\/1"}],"replies":[{"embeddable":true,"href":"https:\/\/cartecadeau-cocktail-scandinave.fr\/en\/wp-json\/wp\/v2\/comments?post=17645"}],"version-history":[{"count":80,"href":"https:\/\/cartecadeau-cocktail-scandinave.fr\/en\/wp-json\/wp\/v2\/pages\/17645\/revisions"}],"predecessor-version":[{"id":34289,"href":"https:\/\/cartecadeau-cocktail-scandinave.fr\/en\/wp-json\/wp\/v2\/pages\/17645\/revisions\/34289"}],"wp:attachment":[{"href":"https:\/\/cartecadeau-cocktail-scandinave.fr\/en\/wp-json\/wp\/v2\/media?parent=17645"}],"curies":[{"name":"wp","href":"https:\/\/api.w.org\/{rel}","templated":true}]}}