
{"id":153,"date":"2020-09-17T15:52:15","date_gmt":"2020-09-17T13:52:15","guid":{"rendered":"https:\/\/cartecadeau.cocktail-scandinave.fr\/?page_id=153"},"modified":"2023-06-02T12:55:03","modified_gmt":"2023-06-02T10:55:03","slug":"conditions-generales","status":"publish","type":"page","link":"https:\/\/cartecadeau-cocktail-scandinave.fr\/en\/conditions-generales\/","title":{"rendered":"Conditions g\u00e9n\u00e9rales"},"content":{"rendered":"<h3>Conditions g\u00e9n\u00e9rales &#8211; CARTE CADEAU :<\/h3>\n<p><strong>Cette Carte Cadeau virtuelle est valable pour l&rsquo;achat de tous les produits commercialis\u00e9s au sein des magasins Cocktail Scandinave.<\/strong><\/p>\n<p>Le montant de cette carte cadeau virtuelle est comprise entre 10 et 1000 \u20ac.<br \/>\nLe montant de cette carte est s\u00e9cable et peut \u00eatre d\u00e9pens\u00e9 en une ou plusieurs fois dans un ou plusieurs des magasins Cocktail Scandinave.<\/p>\n<p>Un produit ou service obtenu avec cette Carte Cadeau virtuelle ne pourra faire l\u2019objet d\u2019aucun escompte. Cette Carte Cadeau virtuelle\u00a0ne peut donner lieu \u00e0 aucune contrepartie mon\u00e9taire sous quelque forme que ce soit, totalement ou partiellement, y compris le rendu de monnaie, ni \u00eatre port\u00e9 au cr\u00e9dit d\u2019un compte associ\u00e9 ou non \u00e0 une carte de \u00a0paiement ou de cr\u00e9dit.<\/p>\n<p>Cette Carte Cadeau virtuelle\u00a0n\u2019est pas nominative. Le d\u00e9biteur de la carte est seul responsable de l\u2019utilisation, de la d\u00e9tention et de la conservation de la carte.<\/p>\n<p>La Carte Cadeau virtuelle\u00a0Cocktail Scandinave n\u2019est pas remboursable en cas de perte ou de vol.<\/p>\n<p><b>En cas de non r\u00e9ception de la carte cadeau, merci de <a href=\"https:\/\/www.cocktail-scandinave.fr\/contactez-nous\/\">nous envoyer un email en passant par notre formulaire de contact<\/a>\u00a0,\u00a0avec votre nom, votre pr\u00e9nom, l\u2019adresse email utilis\u00e9e pour l\u2019achat de la carte, la date d\u2019achat et le montant de la carte cadeau.<\/b><\/p>","protected":false},"excerpt":{"rendered":"<p>Conditions g\u00e9n\u00e9rales &#8211; CARTE CADEAU : Cette Carte Cadeau virtuelle est valable pour l&rsquo;achat de tous les produits commercialis\u00e9s au<\/p>","protected":false},"author":1,"featured_media":0,"parent":0,"menu_order":0,"comment_status":"closed","ping_status":"closed","template":"","meta":{"footnotes":""},"class_list":["post-153","page","type-page","status-publish","hentry"],"_links":{"self":[{"href":"https:\/\/cartecadeau-cocktail-scandinave.fr\/en\/wp-json\/wp\/v2\/pages\/153","targetHints":{"allow":["GET"]}}],"collection":[{"href":"https:\/\/cartecadeau-cocktail-scandinave.fr\/en\/wp-json\/wp\/v2\/pages"}],"about":[{"href":"https:\/\/cartecadeau-cocktail-scandinave.fr\/en\/wp-json\/wp\/v2\/types\/page"}],"author":[{"embeddable":true,"href":"https:\/\/cartecadeau-cocktail-scandinave.fr\/en\/wp-json\/wp\/v2\/users\/1"}],"replies":[{"embeddable":true,"href":"https:\/\/cartecadeau-cocktail-scandinave.fr\/en\/wp-json\/wp\/v2\/comments?post=153"}],"version-history":[{"count":17,"href":"https:\/\/cartecadeau-cocktail-scandinave.fr\/en\/wp-json\/wp\/v2\/pages\/153\/revisions"}],"predecessor-version":[{"id":17695,"href":"https:\/\/cartecadeau-cocktail-scandinave.fr\/en\/wp-json\/wp\/v2\/pages\/153\/revisions\/17695"}],"wp:attachment":[{"href":"https:\/\/cartecadeau-cocktail-scandinave.fr\/en\/wp-json\/wp\/v2\/media?parent=153"}],"curies":[{"name":"wp","href":"https:\/\/api.w.org\/{rel}","templated":true}]}}